{"id":29,"date":"2016-12-29T18:26:21","date_gmt":"2016-12-29T17:26:21","guid":{"rendered":"http:\/\/www.sbdvalmez.cz\/?page_id=29"},"modified":"2024-04-30T14:10:19","modified_gmt":"2024-04-30T12:10:19","slug":"kontakty","status":"publish","type":"page","link":"https:\/\/www.sbdvalmez.cz\/?page_id=29","title":{"rendered":"Kontakty"},"content":{"rendered":"<h2><strong>Statut\u00e1rn\u00ed org\u00e1ny<\/strong><\/h2>\n<h3><strong>v\u00fdbor spole\u010denstv\u00ed:<\/strong><\/h3>\n<table>\n<tbody>\n<tr>\n<td>P\u0159edseda<\/td>\n<td>Datel Radek<\/td>\n<td>607709751<\/td>\n<\/tr>\n<tr>\n<td>M\u00edstop\u0159edseda<\/td>\n<td>Mgr. Han\u00e1k V\u00edt<\/td>\n<td><\/td>\n<\/tr>\n<tr>\n<td>\u010clenov\u00e9<\/td>\n<td>Holcov\u00e1 Iva<\/td>\n<td><\/td>\n<\/tr>\n<tr>\n<td><\/td>\n<td>Jan\u016f Radim<\/td>\n<td><\/td>\n<\/tr>\n<tr>\n<td><\/td>\n<td>Ka\u0161par Lubom\u00edr<\/td>\n<td><\/td>\n<\/tr>\n<\/tbody>\n<\/table>\n<p style=\"text-align: justify;\"><strong>email:<\/strong> admin@sbdvalmez.cz , info@sbdvalmez.cz, dara@daravm.cz<\/p>\n<p><strong>Spr\u00e1vce:<\/strong><br \/>\nzaji\u0161\u0165uje pro spole\u010denstv\u00ed vlastn\u00edk\u016f servis<br \/>\nstavebn\u00ed bytov\u00e9 dru\u017estvo : <a title=\"http:\/\/www.sbdvm.cz\/\" href=\"http:\/\/www.sbdvm.cz\/\" target=\"_blank\" rel=\"noopener noreferrer\">http:\/\/www.sbdvm.cz\/<\/a><\/p>\n","protected":false},"excerpt":{"rendered":"<p>Statut\u00e1rn\u00ed org\u00e1ny v\u00fdbor spole\u010denstv\u00ed: P\u0159edseda Datel Radek 607709751 M\u00edstop\u0159edseda Mgr. Han\u00e1k V\u00edt \u010clenov\u00e9 Holcov\u00e1 Iva Jan\u016f Radim Ka\u0161par Lubom\u00edr email: admin@sbdvalmez.cz , info@sbdvalmez.cz, dara@daravm.cz Spr\u00e1vce: zaji\u0161\u0165uje pro spole\u010denstv\u00ed vlastn\u00edk\u016f servis stavebn\u00ed bytov\u00e9 dru\u017estvo : http:\/\/www.sbdvm.cz\/<\/p>\n","protected":false},"author":1,"featured_media":0,"parent":0,"menu_order":0,"comment_status":"closed","ping_status":"closed","template":"","meta":{"_bbp_topic_count":0,"_bbp_reply_count":0,"_bbp_total_topic_count":0,"_bbp_total_reply_count":0,"_bbp_voice_count":0,"_bbp_anonymous_reply_count":0,"_bbp_topic_count_hidden":0,"_bbp_reply_count_hidden":0,"_bbp_forum_subforum_count":0,"footnotes":""},"class_list":["post-29","page","type-page","status-publish","hentry"],"_links":{"self":[{"href":"https:\/\/www.sbdvalmez.cz\/index.php?rest_route=\/wp\/v2\/pages\/29","targetHints":{"allow":["GET"]}}],"collection":[{"href":"https:\/\/www.sbdvalmez.cz\/index.php?rest_route=\/wp\/v2\/pages"}],"about":[{"href":"https:\/\/www.sbdvalmez.cz\/index.php?rest_route=\/wp\/v2\/types\/page"}],"author":[{"embeddable":true,"href":"https:\/\/www.sbdvalmez.cz\/index.php?rest_route=\/wp\/v2\/users\/1"}],"replies":[{"embeddable":true,"href":"https:\/\/www.sbdvalmez.cz\/index.php?rest_route=%2Fwp%2Fv2%2Fcomments&post=29"}],"version-history":[{"count":6,"href":"https:\/\/www.sbdvalmez.cz\/index.php?rest_route=\/wp\/v2\/pages\/29\/revisions"}],"predecessor-version":[{"id":455,"href":"https:\/\/www.sbdvalmez.cz\/index.php?rest_route=\/wp\/v2\/pages\/29\/revisions\/455"}],"wp:attachment":[{"href":"https:\/\/www.sbdvalmez.cz\/index.php?rest_route=%2Fwp%2Fv2%2Fmedia&parent=29"}],"curies":[{"name":"wp","href":"https:\/\/api.w.org\/{rel}","templated":true}]}}