{"id":468,"date":"2025-11-02T18:56:38","date_gmt":"2025-11-02T17:56:38","guid":{"rendered":"https:\/\/www.sbdvalmez.cz\/?page_id=468"},"modified":"2025-11-03T13:01:39","modified_gmt":"2025-11-03T12:01:39","slug":"shromazdeni-2025","status":"publish","type":"page","link":"https:\/\/www.sbdvalmez.cz\/?page_id=468","title":{"rendered":"Shrom\u00e1\u017ed\u011bn\u00ed 2025"},"content":{"rendered":"","protected":true},"excerpt":{"rendered":"","protected":true},"author":1,"featured_media":0,"parent":0,"menu_order":0,"comment_status":"closed","ping_status":"closed","template":"","meta":{"_bbp_topic_count":0,"_bbp_reply_count":0,"_bbp_total_topic_count":0,"_bbp_total_reply_count":0,"_bbp_voice_count":0,"_bbp_anonymous_reply_count":0,"_bbp_topic_count_hidden":0,"_bbp_reply_count_hidden":0,"_bbp_forum_subforum_count":0,"footnotes":""},"class_list":["post-468","page","type-page","status-publish","post-password-required","hentry"],"_links":{"self":[{"href":"https:\/\/www.sbdvalmez.cz\/index.php?rest_route=\/wp\/v2\/pages\/468","targetHints":{"allow":["GET"]}}],"collection":[{"href":"https:\/\/www.sbdvalmez.cz\/index.php?rest_route=\/wp\/v2\/pages"}],"about":[{"href":"https:\/\/www.sbdvalmez.cz\/index.php?rest_route=\/wp\/v2\/types\/page"}],"author":[{"embeddable":true,"href":"https:\/\/www.sbdvalmez.cz\/index.php?rest_route=\/wp\/v2\/users\/1"}],"replies":[{"embeddable":true,"href":"https:\/\/www.sbdvalmez.cz\/index.php?rest_route=%2Fwp%2Fv2%2Fcomments&post=468"}],"version-history":[{"count":8,"href":"https:\/\/www.sbdvalmez.cz\/index.php?rest_route=\/wp\/v2\/pages\/468\/revisions"}],"predecessor-version":[{"id":481,"href":"https:\/\/www.sbdvalmez.cz\/index.php?rest_route=\/wp\/v2\/pages\/468\/revisions\/481"}],"wp:attachment":[{"href":"https:\/\/www.sbdvalmez.cz\/index.php?rest_route=%2Fwp%2Fv2%2Fmedia&parent=468"}],"curies":[{"name":"wp","href":"https:\/\/api.w.org\/{rel}","templated":true}]}}